{"id":16733,"date":"2019-07-02T12:45:25","date_gmt":"2019-07-02T12:45:25","guid":{"rendered":"http:\/\/www.dieselparts.it\/prodotto\/import-placeholder-for-839\/"},"modified":"2020-03-10T09:12:58","modified_gmt":"2020-03-10T09:12:58","slug":"14-637","status":"publish","type":"product","link":"https:\/\/www.dieselparts.it\/?product=14-637","title":{"rendered":"14.637"},"content":{"rendered":"<p>RACCORDO \u00d8 12 TUBO \u00d8 8 \u00d8 4<\/p>\n","protected":false},"excerpt":{"rendered":"<p>RACCORDO \u00d8 12 TUBO \u00d8 8 \u00d8 4<\/p>\n","protected":false},"featured_media":7261,"template":"","meta":{"site-sidebar-layout":"default","site-content-layout":"default","ast-global-header-display":"","ast-main-header-display":"","ast-hfb-above-header-display":"","ast-hfb-below-header-display":"","ast-hfb-mobile-header-display":"","site-post-title":"","ast-breadcrumbs-content":"","ast-featured-img":"","footer-sml-layout":"","theme-transparent-header-meta":"","adv-header-id-meta":"","stick-header-meta":"","header-above-stick-meta":"","header-main-stick-meta":"","header-below-stick-meta":""},"product_cat":[405],"product_tag":[],"_links":{"self":[{"href":"https:\/\/www.dieselparts.it\/index.php?rest_route=\/wp\/v2\/product\/16733"}],"collection":[{"href":"https:\/\/www.dieselparts.it\/index.php?rest_route=\/wp\/v2\/product"}],"about":[{"href":"https:\/\/www.dieselparts.it\/index.php?rest_route=\/wp\/v2\/types\/product"}],"version-history":[{"count":3,"href":"https:\/\/www.dieselparts.it\/index.php?rest_route=\/wp\/v2\/product\/16733\/revisions"}],"predecessor-version":[{"id":21383,"href":"https:\/\/www.dieselparts.it\/index.php?rest_route=\/wp\/v2\/product\/16733\/revisions\/21383"}],"wp:featuredmedia":[{"embeddable":true,"href":"https:\/\/www.dieselparts.it\/index.php?rest_route=\/wp\/v2\/media\/7261"}],"wp:attachment":[{"href":"https:\/\/www.dieselparts.it\/index.php?rest_route=%2Fwp%2Fv2%2Fmedia&parent=16733"}],"wp:term":[{"taxonomy":"product_cat","embeddable":true,"href":"https:\/\/www.dieselparts.it\/index.php?rest_route=%2Fwp%2Fv2%2Fproduct_cat&post=16733"},{"taxonomy":"product_tag","embeddable":true,"href":"https:\/\/www.dieselparts.it\/index.php?rest_route=%2Fwp%2Fv2%2Fproduct_tag&post=16733"}],"curies":[{"name":"wp","href":"https:\/\/api.w.org\/{rel}","templated":true}]}}