{"id":16770,"date":"2019-07-02T12:45:32","date_gmt":"2019-07-02T12:45:32","guid":{"rendered":"http:\/\/www.dieselparts.it\/prodotto\/import-placeholder-for-846\/"},"modified":"2020-03-11T16:50:24","modified_gmt":"2020-03-11T16:50:24","slug":"14-644","status":"publish","type":"product","link":"https:\/\/www.dieselparts.it\/?product=14-644","title":{"rendered":"14.644"},"content":{"rendered":"<p>TUBO \u00d8 8 \u00d8 4 \u00d8 4 SLANZI &#8211; <b>Riferimento Originale:<\/b> 4.647.661 FIAT<\/p>\n","protected":false},"excerpt":{"rendered":"<p>TUBO \u00d8 8 \u00d8 4 \u00d8 4 SLANZI &#8211; <b>Riferimento Originale:<\/b> 4.647.661 FIAT<\/p>\n","protected":false},"featured_media":7268,"template":"","meta":{"site-sidebar-layout":"default","site-content-layout":"default","ast-global-header-display":"","ast-main-header-display":"","ast-hfb-above-header-display":"","ast-hfb-below-header-display":"","ast-hfb-mobile-header-display":"","site-post-title":"","ast-breadcrumbs-content":"","ast-featured-img":"","footer-sml-layout":"","theme-transparent-header-meta":"default","adv-header-id-meta":"","stick-header-meta":"","header-above-stick-meta":"","header-main-stick-meta":"","header-below-stick-meta":""},"product_cat":[405],"product_tag":[],"_links":{"self":[{"href":"https:\/\/www.dieselparts.it\/index.php?rest_route=\/wp\/v2\/product\/16770"}],"collection":[{"href":"https:\/\/www.dieselparts.it\/index.php?rest_route=\/wp\/v2\/product"}],"about":[{"href":"https:\/\/www.dieselparts.it\/index.php?rest_route=\/wp\/v2\/types\/product"}],"version-history":[{"count":5,"href":"https:\/\/www.dieselparts.it\/index.php?rest_route=\/wp\/v2\/product\/16770\/revisions"}],"predecessor-version":[{"id":33732,"href":"https:\/\/www.dieselparts.it\/index.php?rest_route=\/wp\/v2\/product\/16770\/revisions\/33732"}],"wp:featuredmedia":[{"embeddable":true,"href":"https:\/\/www.dieselparts.it\/index.php?rest_route=\/wp\/v2\/media\/7268"}],"wp:attachment":[{"href":"https:\/\/www.dieselparts.it\/index.php?rest_route=%2Fwp%2Fv2%2Fmedia&parent=16770"}],"wp:term":[{"taxonomy":"product_cat","embeddable":true,"href":"https:\/\/www.dieselparts.it\/index.php?rest_route=%2Fwp%2Fv2%2Fproduct_cat&post=16770"},{"taxonomy":"product_tag","embeddable":true,"href":"https:\/\/www.dieselparts.it\/index.php?rest_route=%2Fwp%2Fv2%2Fproduct_tag&post=16770"}],"curies":[{"name":"wp","href":"https:\/\/api.w.org\/{rel}","templated":true}]}}